{"id":278,"date":"2025-10-12T19:13:50","date_gmt":"2025-10-12T19:13:50","guid":{"rendered":"https:\/\/yeyswimphotos.com\/?page_id=278"},"modified":"2025-10-12T19:15:04","modified_gmt":"2025-10-12T19:15:04","slug":"about","status":"publish","type":"page","link":"https:\/\/yeyswimphotos.com\/es\/about\/","title":{"rendered":"Sobre Nosotros"},"content":{"rendered":"<div class=\"wp-block-uagb-container uagb-layout-grid uagb-block-dcd54d79 alignfull uagb-is-root-container\">\n<div class=\"wp-block-uagb-advanced-heading uagb-block-14e416f9\"><h1 class=\"uagb-heading-text\">Capturando el esp\u00edritu de las competencias locales de nataci\u00f3n<\/h1><\/div>\n\n\n\n<div class=\"wp-block-uagb-container uagb-block-dc2ca107\">\n<div class=\"wp-block-uagb-image uagb-block-047863f2 wp-block-uagb-image--layout-default wp-block-uagb-image--effect-static wp-block-uagb-image--align-none\"><figure class=\"wp-block-uagb-image__figure\"><img decoding=\"async\" srcset=\"https:\/\/yeyswimphotos.com\/wp-content\/uploads\/2025\/10\/pexels-photo-8688582.jpeg ,https:\/\/yeyswimphotos.com\/wp-content\/uploads\/2025\/10\/pexels-photo-8688582.jpeg 780w, https:\/\/yeyswimphotos.com\/wp-content\/uploads\/2025\/10\/pexels-photo-8688582.jpeg 360w\" sizes=\"auto, (max-width: 480px) 150px\" src=\"https:\/\/yeyswimphotos.com\/wp-content\/uploads\/2025\/10\/pexels-photo-8688582.jpeg\" alt=\"An adult male swimmer training in a pool, wearing goggles and a swim cap, captured underwater.\" class=\"uag-image-30\" width=\"1220\" height=\"380\" title=\"hero-about\" loading=\"lazy\" role=\"img\"\/><\/figure><\/div>\n<\/div>\n<\/div>\n\n\n\n<div class=\"wp-block-uagb-container uagb-block-92c0d32e alignfull uagb-is-root-container\"><div class=\"uagb-container-inner-blocks-wrap\">\n<div class=\"wp-block-uagb-advanced-heading uagb-block-62a4bb76\"><h2 class=\"uagb-heading-text\">Descubre la pasi\u00f3n y el prop\u00f3sito detr\u00e1s del proyecto de Yey\u2019s Photography<\/h2><div class=\"uagb-separator\"><\/div><\/div>\n\n\n\n<div class=\"wp-block-uagb-container uagb-layout-flex uagb-block-25354a82\">\n<div class=\"wp-block-uagb-image alignleft uagb-block-bf80e016 wp-block-uagb-image--layout-default wp-block-uagb-image--effect-static wp-block-uagb-image--align-left\"><figure class=\"wp-block-uagb-image__figure\"><img decoding=\"async\" srcset=\"https:\/\/yeyswimphotos.com\/wp-content\/uploads\/2025\/10\/pexels-photo-8688531.jpeg ,https:\/\/yeyswimphotos.com\/wp-content\/uploads\/2025\/10\/pexels-photo-8688531.jpeg 780w, https:\/\/yeyswimphotos.com\/wp-content\/uploads\/2025\/10\/pexels-photo-8688531.jpeg 360w\" sizes=\"auto, (max-width: 480px) 150px\" src=\"https:\/\/yeyswimphotos.com\/wp-content\/uploads\/2025\/10\/pexels-photo-8688531.jpeg\" alt=\"Male athlete executing butterfly stroke in a swimming pool with intense focus.\" class=\"uag-image-31\" width=\"400\" height=\"500\" title=\"about-02\" loading=\"lazy\" role=\"img\"\/><\/figure><\/div>\n<\/div>\n\n\n\n<div class=\"wp-block-uagb-container uagb-layout-flex uagb-block-d1f4840b\">\n<div class=\"wp-block-uagb-advanced-heading uagb-block-c7ad5f67\"><h3 class=\"uagb-heading-text\">Yey\u2019s Photography captura maravillosamente la esencia de las competencias locales de nataci\u00f3n a trav\u00e9s de im\u00e1genes poderosas, celebrando los recorridos y momentos memorables de los atletas.<\/h3><div class=\"uagb-separator\"><\/div><\/div>\n<\/div>\n<\/div><\/div>\n\n\n\n<div class=\"wp-block-uagb-container uagb-layout-flex uagb-block-db484d86 alignfull uagb-is-root-container\"><div class=\"uagb-container-inner-blocks-wrap\"><\/div><\/div>\n\n\n\n<div class=\"wp-block-uagb-container uagb-block-b94dc08a alignfull uagb-is-root-container\"><div class=\"uagb-container-inner-blocks-wrap\">\n<div class=\"wp-block-uagb-advanced-heading uagb-block-55b33644\"><h2 class=\"uagb-heading-text\">Nuestro enfoque<\/h2><p class=\"uagb-desc-text\">Nos enfocamos en momentos aut\u00e9nticos, resaltando la determinaci\u00f3n, la camarader\u00eda y la alegr\u00eda de los nadadores, asegurando que cada evento sea documentado con cuidado y arte.<\/p><div class=\"uagb-separator\"><\/div><\/div>\n\n\n\n<div class=\"wp-block-uagb-container uagb-block-78acaab2\">\n<div class=\"wp-block-uagb-advanced-heading uagb-block-21cc7176\"><h3 class=\"uagb-heading-text\">Nuestra misi\u00f3n<\/h3><p class=\"uagb-desc-text\">Documentar y celebrar las historias de los nadadores, fomentando un sentido de comunidad y aprecio a trav\u00e9s de una fotograf\u00eda cautivadora.<\/p><div class=\"uagb-separator\"><\/div><\/div>\n\n\n\n<div class=\"wp-block-uagb-advanced-heading uagb-block-3e306777\"><h3 class=\"uagb-heading-text\">Nuestra visi\u00f3n<\/h3><p class=\"uagb-desc-text\">Ser la fuente principal de recuerdos de nataci\u00f3n, inspirando orgullo y conexi\u00f3n dentro de la comunidad local de nataci\u00f3n a trav\u00e9s de im\u00e1genes impactantes.<\/p><div class=\"uagb-separator\"><\/div><\/div>\n\n\n\n<div class=\"wp-block-uagb-advanced-heading uagb-block-3f53c09e\"><h3 class=\"uagb-heading-text\">Valores fundamentales<\/h3><p class=\"uagb-desc-text\">Valoramos la dedicaci\u00f3n, la comunidad y la creatividad, esforz\u00e1ndonos por ofrecer una representaci\u00f3n aut\u00e9ntica y motivadora del recorrido y los logros de cada nadador.<\/p><\/div>\n<\/div>\n\n\n\n<div class=\"wp-block-uagb-container uagb-layout-flex uagb-block-0e03757e\">\n<div class=\"wp-block-uagb-image alignright uagb-block-b1064e41 wp-block-uagb-image--layout-default wp-block-uagb-image--effect-static wp-block-uagb-image--align-right\"><figure class=\"wp-block-uagb-image__figure\"><img decoding=\"async\" srcset=\"https:\/\/yeyswimphotos.com\/wp-content\/uploads\/2025\/10\/pexels-photo-1415810.jpeg ,https:\/\/yeyswimphotos.com\/wp-content\/uploads\/2025\/10\/pexels-photo-1415810.jpeg 780w, https:\/\/yeyswimphotos.com\/wp-content\/uploads\/2025\/10\/pexels-photo-1415810.jpeg 360w\" sizes=\"auto, (max-width: 480px) 150px\" src=\"https:\/\/yeyswimphotos.com\/wp-content\/uploads\/2025\/10\/pexels-photo-1415810.jpeg\" alt=\"A male swimmer in a green cap and goggles competing in an open water race.\" class=\"uag-image-10\" width=\"564\" height=\"550\" title=\"approach-img\" loading=\"lazy\" role=\"img\"\/><\/figure><\/div>\n<\/div>\n<\/div><\/div>\n\n\n\n<div class=\"wp-block-uagb-container uagb-block-2e194ea8 alignfull uagb-is-root-container\"><div class=\"uagb-container-inner-blocks-wrap\">\n<div class=\"wp-block-uagb-info-box uagb-block-314e8806 uagb-infobox__content-wrap  uagb-infobox-icon-above-title uagb-infobox-image-valign-top\"><div class=\"uagb-ifb-content\"><div class=\"uagb-ifb-title-wrap\"><div class=\"uagb-ifb-separator\"><\/div><h2 class=\"uagb-ifb-title\">\u00danete a nosotros para celebrar los recuerdos de la nataci\u00f3n<\/h2><\/div><p class=\"uagb-ifb-desc\">Apoya nuestro proyecto y ayuda a mantener vivos los recuerdos para todos.<\/p><div class=\"uagb-ifb-button-wrapper wp-block-button\"><a href=\"\/es\/donations\/\" class=\"uagb-infobox-cta-link wp-block-button__link\" target=\"_self\" rel=\"noopener noreferrer\" onclick=\"return true;\"><span class=\"uagb-inline-editing\">Donar<\/span><\/a><\/div><\/div><\/div>\n<\/div><\/div>","protected":false},"excerpt":{"rendered":"<p>Capturing the Spirit of Local Swimming Competitions Discover the Passion and Purpose Behind Yey&#8217;s Photography Project Yey\u2019s Photography beautifully captures [&hellip;]<\/p>","protected":false},"author":1,"featured_media":0,"parent":0,"menu_order":0,"comment_status":"closed","ping_status":"closed","template":"","meta":{"_uag_custom_page_level_css":"","_monsterinsights_skip_tracking":false,"_monsterinsights_sitenote_active":false,"_monsterinsights_sitenote_note":"","_monsterinsights_sitenote_category":0,"site-sidebar-layout":"default","site-content-layout":"","ast-site-content-layout":"default","site-content-style":"default","site-sidebar-style":"default","ast-global-header-display":"","ast-banner-title-visibility":"","ast-main-header-display":"","ast-hfb-above-header-display":"","ast-hfb-below-header-display":"","ast-hfb-mobile-header-display":"","site-post-title":"disabled","ast-breadcrumbs-content":"","ast-featured-img":"","footer-sml-layout":"","theme-transparent-header-meta":"enabled","adv-header-id-meta":"","stick-header-meta":"","header-above-stick-meta":"","header-main-stick-meta":"","header-below-stick-meta":"","astra-migrate-meta-layouts":"default","ast-page-background-enabled":"default","ast-page-background-meta":{"desktop":{"background-color":"var(--ast-global-color-4)","background-image":"","background-repeat":"repeat","background-position":"center center","background-size":"auto","background-attachment":"scroll","background-type":"","background-media":"","overlay-type":"","overlay-color":"","overlay-opacity":"","overlay-gradient":""},"tablet":{"background-color":"","background-image":"","background-repeat":"repeat","background-position":"center center","background-size":"auto","background-attachment":"scroll","background-type":"","background-media":"","overlay-type":"","overlay-color":"","overlay-opacity":"","overlay-gradient":""},"mobile":{"background-color":"","background-image":"","background-repeat":"repeat","background-position":"center center","background-size":"auto","background-attachment":"scroll","background-type":"","background-media":"","overlay-type":"","overlay-color":"","overlay-opacity":"","overlay-gradient":""}},"ast-content-background-meta":{"desktop":{"background-color":"var(--ast-global-color-5)","background-image":"","background-repeat":"repeat","background-position":"center center","background-size":"auto","background-attachment":"scroll","background-type":"","background-media":"","overlay-type":"","overlay-color":"","overlay-opacity":"","overlay-gradient":""},"tablet":{"background-color":"var(--ast-global-color-5)","background-image":"","background-repeat":"repeat","background-position":"center center","background-size":"auto","background-attachment":"scroll","background-type":"","background-media":"","overlay-type":"","overlay-color":"","overlay-opacity":"","overlay-gradient":""},"mobile":{"background-color":"var(--ast-global-color-5)","background-image":"","background-repeat":"repeat","background-position":"center center","background-size":"auto","background-attachment":"scroll","background-type":"","background-media":"","overlay-type":"","overlay-color":"","overlay-opacity":"","overlay-gradient":""}},"footnotes":""},"class_list":["post-278","page","type-page","status-publish","hentry"],"aioseo_notices":[],"yoast_head":"<!-- This site is optimized with the Yoast SEO plugin v26.1.1 - https:\/\/yoast.com\/wordpress\/plugins\/seo\/ -->\n<title>About - Yey&#039;s Swim Photos<\/title>\n<meta name=\"robots\" content=\"noindex, follow, max-snippet:-1, max-image-preview:large, max-video-preview:-1\" \/>\n<meta property=\"og:locale\" content=\"es_ES\" \/>\n<meta property=\"og:type\" content=\"article\" \/>\n<meta property=\"og:title\" content=\"About - Yey&#039;s Swim Photos\" \/>\n<meta property=\"og:description\" content=\"Capturing the Spirit of Local Swimming Competitions Discover the Passion and Purpose Behind Yey&#8217;s Photography Project Yey\u2019s Photography beautifully captures [&hellip;]\" \/>\n<meta property=\"og:url\" content=\"http:\/\/yeyswimphotos.com\/es\/about\/\" \/>\n<meta property=\"og:site_name\" content=\"Yey&#039;s Swim Photos\" \/>\n<meta property=\"article:modified_time\" content=\"2025-10-12T19:15:04+00:00\" \/>\n<meta property=\"og:image\" content=\"http:\/\/yeyswimphotos.com\/wp-content\/uploads\/2025\/10\/pexels-photo-8688582.jpeg\" \/>\n<meta name=\"twitter:card\" content=\"summary_large_image\" \/>\n<meta name=\"twitter:label1\" content=\"Tiempo de lectura\" \/>\n\t<meta name=\"twitter:data1\" content=\"1 minuto\" \/>\n<script type=\"application\/ld+json\" class=\"yoast-schema-graph\">{\"@context\":\"https:\/\/schema.org\",\"@graph\":[{\"@type\":\"WebPage\",\"@id\":\"http:\/\/yeyswimphotos.com\/about\/\",\"url\":\"http:\/\/yeyswimphotos.com\/about\/\",\"name\":\"About - Yey&#039;s Swim Photos\",\"isPartOf\":{\"@id\":\"http:\/\/yeyswimphotos.com\/#website\"},\"primaryImageOfPage\":{\"@id\":\"http:\/\/yeyswimphotos.com\/about\/#primaryimage\"},\"image\":{\"@id\":\"http:\/\/yeyswimphotos.com\/about\/#primaryimage\"},\"thumbnailUrl\":\"https:\/\/yeyswimphotos.com\/wp-content\/uploads\/2025\/10\/pexels-photo-8688582.jpeg\",\"datePublished\":\"2025-10-12T19:13:50+00:00\",\"dateModified\":\"2025-10-12T19:15:04+00:00\",\"breadcrumb\":{\"@id\":\"http:\/\/yeyswimphotos.com\/about\/#breadcrumb\"},\"inLanguage\":\"es\",\"potentialAction\":[{\"@type\":\"ReadAction\",\"target\":[\"http:\/\/yeyswimphotos.com\/about\/\"]}]},{\"@type\":\"ImageObject\",\"inLanguage\":\"es\",\"@id\":\"http:\/\/yeyswimphotos.com\/about\/#primaryimage\",\"url\":\"https:\/\/yeyswimphotos.com\/wp-content\/uploads\/2025\/10\/pexels-photo-8688582.jpeg\",\"contentUrl\":\"https:\/\/yeyswimphotos.com\/wp-content\/uploads\/2025\/10\/pexels-photo-8688582.jpeg\"},{\"@type\":\"BreadcrumbList\",\"@id\":\"http:\/\/yeyswimphotos.com\/about\/#breadcrumb\",\"itemListElement\":[{\"@type\":\"ListItem\",\"position\":1,\"name\":\"Home\",\"item\":\"https:\/\/yeyswimphotos.com\/\"},{\"@type\":\"ListItem\",\"position\":2,\"name\":\"About\"}]},{\"@type\":\"WebSite\",\"@id\":\"http:\/\/yeyswimphotos.com\/#website\",\"url\":\"http:\/\/yeyswimphotos.com\/\",\"name\":\"Yey's Swim Photos\",\"description\":\"Swimming Memories, Frozen in Time\",\"publisher\":{\"@id\":\"http:\/\/yeyswimphotos.com\/#\/schema\/person\/1b4526911d675604b1f7f5448c261329\"},\"potentialAction\":[{\"@type\":\"SearchAction\",\"target\":{\"@type\":\"EntryPoint\",\"urlTemplate\":\"http:\/\/yeyswimphotos.com\/?s={search_term_string}\"},\"query-input\":{\"@type\":\"PropertyValueSpecification\",\"valueRequired\":true,\"valueName\":\"search_term_string\"}}],\"inLanguage\":\"es\"},{\"@type\":[\"Person\",\"Organization\"],\"@id\":\"http:\/\/yeyswimphotos.com\/#\/schema\/person\/1b4526911d675604b1f7f5448c261329\",\"name\":\"yeynegrin\",\"image\":{\"@type\":\"ImageObject\",\"inLanguage\":\"es\",\"@id\":\"http:\/\/yeyswimphotos.com\/#\/schema\/person\/image\/\",\"url\":\"https:\/\/yeyswimphotos.com\/wp-content\/uploads\/2025\/10\/Logo_White.png\",\"contentUrl\":\"https:\/\/yeyswimphotos.com\/wp-content\/uploads\/2025\/10\/Logo_White.png\",\"width\":1865,\"height\":602,\"caption\":\"yeynegrin\"},\"logo\":{\"@id\":\"http:\/\/yeyswimphotos.com\/#\/schema\/person\/image\/\"},\"sameAs\":[\"https:\/\/yeyswimphotos.com\"]}]}<\/script>\n<!-- \/ Yoast SEO plugin. -->","yoast_head_json":{"title":"About - Yey&#039;s Swim Photos","robots":{"index":"noindex","follow":"follow","max-snippet":"max-snippet:-1","max-image-preview":"max-image-preview:large","max-video-preview":"max-video-preview:-1"},"og_locale":"es_ES","og_type":"article","og_title":"About - Yey&#039;s Swim Photos","og_description":"Capturing the Spirit of Local Swimming Competitions Discover the Passion and Purpose Behind Yey&#8217;s Photography Project Yey\u2019s Photography beautifully captures [&hellip;]","og_url":"http:\/\/yeyswimphotos.com\/es\/about\/","og_site_name":"Yey&#039;s Swim Photos","article_modified_time":"2025-10-12T19:15:04+00:00","og_image":[{"url":"http:\/\/yeyswimphotos.com\/wp-content\/uploads\/2025\/10\/pexels-photo-8688582.jpeg","type":"","width":"","height":""}],"twitter_card":"summary_large_image","twitter_misc":{"Tiempo de lectura":"1 minuto"},"schema":{"@context":"https:\/\/schema.org","@graph":[{"@type":"WebPage","@id":"http:\/\/yeyswimphotos.com\/about\/","url":"http:\/\/yeyswimphotos.com\/about\/","name":"About - Yey&#039;s Swim Photos","isPartOf":{"@id":"http:\/\/yeyswimphotos.com\/#website"},"primaryImageOfPage":{"@id":"http:\/\/yeyswimphotos.com\/about\/#primaryimage"},"image":{"@id":"http:\/\/yeyswimphotos.com\/about\/#primaryimage"},"thumbnailUrl":"https:\/\/yeyswimphotos.com\/wp-content\/uploads\/2025\/10\/pexels-photo-8688582.jpeg","datePublished":"2025-10-12T19:13:50+00:00","dateModified":"2025-10-12T19:15:04+00:00","breadcrumb":{"@id":"http:\/\/yeyswimphotos.com\/about\/#breadcrumb"},"inLanguage":"es","potentialAction":[{"@type":"ReadAction","target":["http:\/\/yeyswimphotos.com\/about\/"]}]},{"@type":"ImageObject","inLanguage":"es","@id":"http:\/\/yeyswimphotos.com\/about\/#primaryimage","url":"https:\/\/yeyswimphotos.com\/wp-content\/uploads\/2025\/10\/pexels-photo-8688582.jpeg","contentUrl":"https:\/\/yeyswimphotos.com\/wp-content\/uploads\/2025\/10\/pexels-photo-8688582.jpeg"},{"@type":"BreadcrumbList","@id":"http:\/\/yeyswimphotos.com\/about\/#breadcrumb","itemListElement":[{"@type":"ListItem","position":1,"name":"Home","item":"https:\/\/yeyswimphotos.com\/"},{"@type":"ListItem","position":2,"name":"About"}]},{"@type":"WebSite","@id":"http:\/\/yeyswimphotos.com\/#website","url":"http:\/\/yeyswimphotos.com\/","name":"Yey's Swim Photos","description":"Swimming Memories, Frozen in Time","publisher":{"@id":"http:\/\/yeyswimphotos.com\/#\/schema\/person\/1b4526911d675604b1f7f5448c261329"},"potentialAction":[{"@type":"SearchAction","target":{"@type":"EntryPoint","urlTemplate":"http:\/\/yeyswimphotos.com\/?s={search_term_string}"},"query-input":{"@type":"PropertyValueSpecification","valueRequired":true,"valueName":"search_term_string"}}],"inLanguage":"es"},{"@type":["Person","Organization"],"@id":"http:\/\/yeyswimphotos.com\/#\/schema\/person\/1b4526911d675604b1f7f5448c261329","name":"yeynegrin","image":{"@type":"ImageObject","inLanguage":"es","@id":"http:\/\/yeyswimphotos.com\/#\/schema\/person\/image\/","url":"https:\/\/yeyswimphotos.com\/wp-content\/uploads\/2025\/10\/Logo_White.png","contentUrl":"https:\/\/yeyswimphotos.com\/wp-content\/uploads\/2025\/10\/Logo_White.png","width":1865,"height":602,"caption":"yeynegrin"},"logo":{"@id":"http:\/\/yeyswimphotos.com\/#\/schema\/person\/image\/"},"sameAs":["https:\/\/yeyswimphotos.com"]}]}},"uagb_featured_image_src":{"full":false,"thumbnail":false,"medium":false,"medium_large":false,"large":false,"1536x1536":false,"2048x2048":false,"trp-custom-language-flag":false},"uagb_author_info":{"display_name":"yeynegrin","author_link":"https:\/\/yeyswimphotos.com\/es\/author\/yeynegrin\/"},"uagb_comment_info":0,"uagb_excerpt":"Capturing the Spirit of Local Swimming Competitions Discover the Passion and Purpose Behind Yey&#8217;s Photography Project Yey\u2019s Photography beautifully captures [&hellip;]","_links":{"self":[{"href":"https:\/\/yeyswimphotos.com\/es\/wp-json\/wp\/v2\/pages\/278","targetHints":{"allow":["GET"]}}],"collection":[{"href":"https:\/\/yeyswimphotos.com\/es\/wp-json\/wp\/v2\/pages"}],"about":[{"href":"https:\/\/yeyswimphotos.com\/es\/wp-json\/wp\/v2\/types\/page"}],"author":[{"embeddable":true,"href":"https:\/\/yeyswimphotos.com\/es\/wp-json\/wp\/v2\/users\/1"}],"replies":[{"embeddable":true,"href":"https:\/\/yeyswimphotos.com\/es\/wp-json\/wp\/v2\/comments?post=278"}],"version-history":[{"count":3,"href":"https:\/\/yeyswimphotos.com\/es\/wp-json\/wp\/v2\/pages\/278\/revisions"}],"predecessor-version":[{"id":907,"href":"https:\/\/yeyswimphotos.com\/es\/wp-json\/wp\/v2\/pages\/278\/revisions\/907"}],"wp:attachment":[{"href":"https:\/\/yeyswimphotos.com\/es\/wp-json\/wp\/v2\/media?parent=278"}],"curies":[{"name":"wp","href":"https:\/\/api.w.org\/{rel}","templated":true}]}}